{"id":323,"date":"2025-12-15T20:45:39","date_gmt":"2025-12-15T20:45:39","guid":{"rendered":"https:\/\/www.lock-t-avocat.com\/?page_id=323"},"modified":"2025-12-15T21:14:50","modified_gmt":"2025-12-15T21:14:50","slug":"mentions-legales","status":"publish","type":"page","link":"https:\/\/www.lock-t-avocat.com\/index.php\/mentions-legales\/","title":{"rendered":"Mentions l\u00e9gales"},"content":{"rendered":"<div class=\"ml-wrap\">\n<p class=\"ml-intro\">\n    Conform\u00e9ment aux dispositions du Code de la consommation (articles L.111-1 \u00e0 L.111-8 et R.111-1) et \u00e0 la loi n\u00b02004-575 du 21 juin 2004 pour la confiance dans l\u2019\u00e9conomie num\u00e9rique (articles 6, 19 et 20), les informations ci-dessous sont port\u00e9es \u00e0 la connaissance des utilisateurs du pr\u00e9sent site afin d\u2019en assurer la transparence quant \u00e0 son \u00e9diteur et \u00e0 son exploitation.\n  <\/p>\n<div class=\"ml-card\">\n<div class=\"ml-row\"><span class=\"ml-label\">Raison sociale :<\/span> <span class=\"ml-value\">LOCK-T Avocat<\/span><\/div>\n<div class=\"ml-row\"><span class=\"ml-label\">Forme juridique :<\/span> <span class=\"ml-value\">Entrepreneur individuel (EI)<\/span><\/div>\n<div class=\"ml-row\"><span class=\"ml-label\">Adresse professionnelle :<\/span> <span class=\"ml-value\">11 boulevard de S\u00e9bastopol, 75001 Paris<\/span><\/div>\n<div class=\"ml-row\"><span class=\"ml-label\">Num\u00e9ro SIREN :<\/span> <span class=\"ml-value\">832 992 853<\/span><\/div>\n<div class=\"ml-row\"><span class=\"ml-label\">Num\u00e9ro de TVA intracommunautaire :<\/span> <span class=\"ml-value\">FR66 832 992 853<\/span><\/div>\n<div class=\"ml-row\"><span class=\"ml-label\">Soumis \u00e0 la TVA :<\/span> <span class=\"ml-value\">Oui. Les honoraires s\u2019entendent hors taxes.<\/span><\/div>\n<div class=\"ml-row\"><span class=\"ml-label\">Adresse \u00e9lectronique :<\/span> <span class=\"ml-value\"><a href=\"mailto:contact@lock-t-avocat.com\">contact@lock-t-avocat.com<\/a><\/span><\/div>\n<div class=\"ml-row\"><span class=\"ml-label\">T\u00e9l\u00e9phone :<\/span> <span class=\"ml-value\">06 31 98 35 86<\/span><\/div>\n<div class=\"ml-row\"><span class=\"ml-label\">Responsable de la publication :<\/span> <span class=\"ml-value\">H\u00e9bert-Marc GUSTAVE<\/span><\/div>\n<div class=\"ml-row\"><span class=\"ml-label\">Responsable de la r\u00e9daction :<\/span> <span class=\"ml-value\">H\u00e9bert-Marc GUSTAVE<\/span><\/div>\n<\/p><\/div>\n<h2 class=\"ml-subtitle\">PROFESSION R\u00c9GLEMENT\u00c9E<\/h2>\n<div class=\"ml-card\">\n<div class=\"ml-row\"><span class=\"ml-label\">Titre professionnel :<\/span> <span class=\"ml-value\">Avocat<\/span><\/div>\n<div class=\"ml-row\"><span class=\"ml-label\">Barreau d\u2019appartenance :<\/span> <span class=\"ml-value\">Barreau de Paris<\/span><\/div>\n<div class=\"ml-block\">\n      L\u2019activit\u00e9 est exerc\u00e9e dans le respect des dispositions l\u00e9gales et r\u00e9glementaires applicables \u00e0 la profession d\u2019avocat, notamment :<\/p>\n<ul class=\"ml-list\">\n<li>la loi n\u00b071-1130 du 31 d\u00e9cembre 1971 portant r\u00e9forme de certaines professions judiciaires et juridiques ;<\/li>\n<li>le d\u00e9cret n\u00b091-1197 du 27 novembre 1991 organisant la profession d\u2019avocat ;<\/li>\n<li>le R\u00e8glement Int\u00e9rieur National de la profession d\u2019avocat (RIN) ;<\/li>\n<li>les r\u00e8gles d\u00e9ontologiques \u00e9dict\u00e9es par le Conseil national des barreaux (CNB).<\/li>\n<\/ul>\n<p>      L\u2019autorit\u00e9 de contr\u00f4le comp\u00e9tente est le Conseil de l\u2019Ordre des avocats du Barreau de Paris.<\/p>\n<p>      L\u2019avocat est couvert par une assurance de responsabilit\u00e9 civile professionnelle et par une garantie financi\u00e8re, conform\u00e9ment aux obligations l\u00e9gales et r\u00e9glementaires de la profession.\n    <\/p><\/div>\n<\/p><\/div>\n<h2 class=\"ml-subtitle\">H\u00c9BERGEMENT<\/h2>\n<div class=\"ml-card\">\n<div class=\"ml-row\"><span class=\"ml-label\">H\u00e9bergeur du site :<\/span> <span class=\"ml-value\">OVH, 2 rue Kellermann, 59100 Roubaix \u2013 France<\/span><\/div>\n<\/p><\/div>\n<\/div>\n","protected":false},"excerpt":{"rendered":"<p>Conform\u00e9ment aux dispositions du Code de la consommation (articles L.111-1 \u00e0 L.111-8 et R.111-1) et \u00e0 la loi n\u00b02004-575 du 21 juin 2004 pour la confiance dans l\u2019\u00e9conomie num\u00e9rique (articles 6, 19 et 20), les informations ci-dessous sont port\u00e9es \u00e0 la connaissance des utilisateurs du pr\u00e9sent site afin d\u2019en assurer la transparence quant \u00e0 son &#8230; <a title=\"Mentions l\u00e9gales\" class=\"read-more\" href=\"https:\/\/www.lock-t-avocat.com\/index.php\/mentions-legales\/\" aria-label=\"Read more about Mentions l\u00e9gales\">Read more<\/a><\/p>\n","protected":false},"author":1,"featured_media":0,"parent":0,"menu_order":0,"comment_status":"closed","ping_status":"closed","template":"","meta":{"footnotes":""},"class_list":["post-323","page","type-page","status-publish"],"_links":{"self":[{"href":"https:\/\/www.lock-t-avocat.com\/index.php\/wp-json\/wp\/v2\/pages\/323","targetHints":{"allow":["GET"]}}],"collection":[{"href":"https:\/\/www.lock-t-avocat.com\/index.php\/wp-json\/wp\/v2\/pages"}],"about":[{"href":"https:\/\/www.lock-t-avocat.com\/index.php\/wp-json\/wp\/v2\/types\/page"}],"author":[{"embeddable":true,"href":"https:\/\/www.lock-t-avocat.com\/index.php\/wp-json\/wp\/v2\/users\/1"}],"replies":[{"embeddable":true,"href":"https:\/\/www.lock-t-avocat.com\/index.php\/wp-json\/wp\/v2\/comments?post=323"}],"version-history":[{"count":3,"href":"https:\/\/www.lock-t-avocat.com\/index.php\/wp-json\/wp\/v2\/pages\/323\/revisions"}],"predecessor-version":[{"id":329,"href":"https:\/\/www.lock-t-avocat.com\/index.php\/wp-json\/wp\/v2\/pages\/323\/revisions\/329"}],"wp:attachment":[{"href":"https:\/\/www.lock-t-avocat.com\/index.php\/wp-json\/wp\/v2\/media?parent=323"}],"curies":[{"name":"wp","href":"https:\/\/api.w.org\/{rel}","templated":true}]}}